{"id":9675,"date":"2023-05-25T09:46:44","date_gmt":"2023-05-25T06:46:44","guid":{"rendered":"https:\/\/tech4s.lt\/parts-for-agricultural-machinery-tractors\/"},"modified":"2025-05-21T08:55:19","modified_gmt":"2025-05-21T05:55:19","slug":"parts-for-agricultural-machinery-tractors","status":"publish","type":"page","link":"https:\/\/tech4s.lt\/en\/parts-for-agricultural-machinery-tractors\/","title":{"rendered":"Parts for agricultural machinery, tractors"},"content":{"rendered":"\t\t<div data-elementor-type=\"wp-page\" data-elementor-id=\"9675\" class=\"elementor elementor-9675 elementor-5135\" data-elementor-post-type=\"page\">\n\t\t\t\t\t\t<section class=\"elementor-section elementor-top-section elementor-element elementor-element-24c9355 elementor-section-full_width elementor-section-height-min-height elementor-section-height-default elementor-section-items-middle\" data-id=\"24c9355\" data-element_type=\"section\" data-e-type=\"section\" data-settings=\"{&quot;background_background&quot;:&quot;classic&quot;}\">\n\t\t\t\t\t\t<div class=\"elementor-container elementor-column-gap-no\">\n\t\t\t\t\t<div class=\"elementor-column elementor-col-100 elementor-top-column elementor-element elementor-element-535af18c\" data-id=\"535af18c\" data-element_type=\"column\" data-e-type=\"column\">\n\t\t\t<div class=\"elementor-widget-wrap elementor-element-populated\">\n\t\t\t\t\t\t\t<\/div>\n\t\t<\/div>\n\t\t\t\t\t<\/div>\n\t\t<\/section>\n\t\t\t\t<section class=\"elementor-section elementor-top-section elementor-element elementor-element-1b803bf5 elementor-section-height-min-height elementor-section-items-top elementor-section-boxed elementor-section-height-default\" data-id=\"1b803bf5\" data-element_type=\"section\" data-e-type=\"section\">\n\t\t\t\t\t\t<div class=\"elementor-container elementor-column-gap-default\">\n\t\t\t\t\t<div class=\"elementor-column elementor-col-33 elementor-top-column elementor-element elementor-element-364d85b1\" data-id=\"364d85b1\" data-element_type=\"column\" data-e-type=\"column\">\n\t\t\t<div class=\"elementor-widget-wrap elementor-element-populated\">\n\t\t\t\t\t\t<div class=\"elementor-element elementor-element-f55deb2 elementor-widget elementor-widget-global elementor-global-5889 elementor-widget-wp-widget-maxmegamenu\" data-id=\"f55deb2\" data-element_type=\"widget\" data-e-type=\"widget\" data-widget_type=\"wp-widget-maxmegamenu.default\">\n\t\t\t\t<div class=\"elementor-widget-container\">\n\t\t\t\t\t<div id=\"mega-menu-wrap-max_mega_menu_3\" class=\"mega-menu-wrap\"><div class=\"mega-menu-toggle\"><div class=\"mega-toggle-blocks-left\"><div class='mega-toggle-block mega-html-block mega-toggle-block-1' id='mega-toggle-block-1'>I\u0161skleisti meniu<\/div><\/div><div class=\"mega-toggle-blocks-center\"><\/div><div class=\"mega-toggle-blocks-right\"><div class='mega-toggle-block mega-menu-toggle-animated-block mega-toggle-block-2' id='mega-toggle-block-2'><button aria-label=\"Toggle Menu\" class=\"mega-toggle-animated mega-toggle-animated-slider\" type=\"button\" aria-haspopup=\"true\" aria-expanded=\"false\" aria-controls=\"mega-menu-max_mega_menu_3\">\n                  <span class=\"mega-toggle-animated-box\">\n                    <span class=\"mega-toggle-animated-inner\"><\/span>\n                  <\/span>\n                <\/button><\/div><\/div><\/div><ul id=\"mega-menu-max_mega_menu_3\" class=\"mega-menu max-mega-menu mega-menu-accordion mega-no-js\" data-event=\"click\" data-effect=\"fade_up\" data-effect-speed=\"200\" data-effect-mobile=\"disabled\" data-effect-speed-mobile=\"0\" data-mobile-force-width=\"false\" data-second-click=\"go\" data-document-click=\"disabled\" data-vertical-behaviour=\"standard\" data-breakpoint=\"768\" data-unbind=\"true\" data-mobile-state=\"collapse_all\" data-mobile-direction=\"vertical\" data-hover-intent-timeout=\"300\" data-hover-intent-interval=\"100\"><li class=\"mega-menu-item mega-menu-item-type-post_type mega-menu-item-object-page mega-align-bottom-left mega-menu-flyout mega-menu-item-5369\" id=\"mega-menu-item-5369\"><a class=\"mega-menu-link\" href=\"https:\/\/tech4s.lt\/zemes-ukio-technikos-traktoriu-dalys\/\">\u017dem\u0117s \u016bkio technikos, traktori\u0173 dalys<\/a><\/li><li class=\"mega-menu-item mega-menu-item-type-post_type mega-menu-item-object-page mega-align-bottom-left mega-menu-flyout mega-menu-item-5386\" id=\"mega-menu-item-5386\"><a class=\"mega-menu-link\" href=\"https:\/\/tech4s.lt\/statybines-technikos-ekskavatoriu-dalys\/\">Statybin\u0117s technikos, ekskvatori\u0173 dalys<\/a><\/li><li class=\"mega-menu-item mega-menu-item-type-post_type mega-menu-item-object-page mega-align-bottom-left mega-menu-flyout mega-menu-item-5505\" id=\"mega-menu-item-5505\"><a class=\"mega-menu-link\" href=\"https:\/\/tech4s.lt\/uosto-krovos-technikos-dalys\/\">Uosto krovos technikos dalys<\/a><\/li><\/ul><\/div>\t\t\t\t<\/div>\n\t\t\t\t<\/div>\n\t\t\t\t\t<\/div>\n\t\t<\/div>\n\t\t\t\t<div class=\"elementor-column elementor-col-66 elementor-top-column elementor-element elementor-element-7821d749\" data-id=\"7821d749\" data-element_type=\"column\" data-e-type=\"column\">\n\t\t\t<div class=\"elementor-widget-wrap elementor-element-populated\">\n\t\t\t\t\t\t<div class=\"elementor-element elementor-element-73ec230 elementor-widget elementor-widget-heading\" data-id=\"73ec230\" data-element_type=\"widget\" data-e-type=\"widget\" data-widget_type=\"heading.default\">\n\t\t\t\t\t<h2 class=\"elementor-heading-title elementor-size-default\">Parts for agricultural machinery<\/h2>\t\t\t\t<\/div>\n\t\t\t\t<div class=\"elementor-element elementor-element-1f3c0e9 elementor-widget elementor-widget-text-editor\" data-id=\"1f3c0e9\" data-element_type=\"widget\" data-e-type=\"widget\" data-widget_type=\"text-editor.default\">\n\t\t\t\t\t\t\t\t\t<p><img fetchpriority=\"high\" decoding=\"async\" class=\"size-medium wp-image-5434 alignright\" src=\"https:\/\/tech4s.lt\/wp-content\/uploads\/2023\/05\/traktorius-zemes-ukio-300x266.png\" alt=\"\" width=\"300\" height=\"266\" srcset=\"https:\/\/tech4s.lt\/wp-content\/uploads\/2023\/05\/traktorius-zemes-ukio-300x266.png 300w, https:\/\/tech4s.lt\/wp-content\/uploads\/2023\/05\/traktorius-zemes-ukio-600x533.png 600w, https:\/\/tech4s.lt\/wp-content\/uploads\/2023\/05\/traktorius-zemes-ukio-100x89.png 100w, https:\/\/tech4s.lt\/wp-content\/uploads\/2023\/05\/traktorius-zemes-ukio-64x57.png 64w, https:\/\/tech4s.lt\/wp-content\/uploads\/2023\/05\/traktorius-zemes-ukio.png 759w\" sizes=\"(max-width: 300px) 100vw, 300px\" \/>Our company specialises in the supply of spare parts for agricultural machinery. We offer high quality parts for a wide range of agricultural machinery. <\/p><p>We have a large selection of spare parts for tractors, combine harvesters, seed drills, sprayers and other agricultural tools. Our product range includes the parts you need to keep your agricultural machinery running all season long. <\/p><p>Our team is on hand to provide advice and technical support on the selection and use of spare parts. If you have any questions or need advice, we are happy to help. <\/p><p><strong>What kind of machinery do we use?<\/strong><br>\u2705 John Deere  New Holland  Case IH  Massey Ferguson  Claas  Fendt  Fendt  Deutz-Fahr  Kubota  Valtra  Ford  JCB<br>\u2705<br>\u2705<br>\u2705<br>\u2705<br>\u2705<br>\u2705<br>\u2705<br>\u2705<br>\u2705<br>\u2705 <\/p>\t\t\t\t\t\t\t\t<\/div>\n\t\t\t\t<div class=\"elementor-element elementor-element-8ef2bc9 elementor-widget elementor-widget-uael-infobox\" data-id=\"8ef2bc9\" data-element_type=\"widget\" data-e-type=\"widget\" data-widget_type=\"uael-infobox.default\">\n\t\t\t\t<div class=\"elementor-widget-container\">\n\t\t\t\t\t\n<div class=\"uael-module-content uael-infobox uael-imgicon-style-normal  uael-infobox-center  infobox-has-photo uael-infobox-photo-above-title  uael-infobox-link-type-module\">\n\t<div class=\"uael-infobox-left-right-wrap\">\n\t\t\t\t\t<a href=\"https:\/\/tech4s.lt\/kuro-siurbliu-ir-purkstuku-remontas\/\" class=\"uael-infobox-module-link\" aria-label=\"Infobox Link\"><\/a>\n\t\t\t\t\t\t\t<div class=\"uael-infobox-content\">\n\t\t\t\t\t\t\t<div class=\"uael-module-content uael-imgicon-wrap \">\t\t\t\t\t\t\t\t\t\t\t\n\t\t\t\t\t\t\t\t\t\t\t\t\t\t\t\t<div class=\"uael-image\" itemscope itemtype=\"http:\/\/schema.org\/ImageObject\">\n\t\t\t\t\t\t\t<div class=\"uael-image-content elementor-animation- \">\n\t\t\t\t\t\t\t\t<img decoding=\"async\" width=\"1179\" height=\"223\" src=\"https:\/\/tech4s.lt\/wp-content\/uploads\/2023\/05\/kuro-aparatura.png\" class=\"attachment-full size-full wp-image-5261\" alt=\"\" srcset=\"https:\/\/tech4s.lt\/wp-content\/uploads\/2023\/05\/kuro-aparatura.png 1179w, https:\/\/tech4s.lt\/wp-content\/uploads\/2023\/05\/kuro-aparatura-300x57.png 300w, https:\/\/tech4s.lt\/wp-content\/uploads\/2023\/05\/kuro-aparatura-1024x194.png 1024w, https:\/\/tech4s.lt\/wp-content\/uploads\/2023\/05\/kuro-aparatura-768x145.png 768w, https:\/\/tech4s.lt\/wp-content\/uploads\/2023\/05\/kuro-aparatura-600x113.png 600w, https:\/\/tech4s.lt\/wp-content\/uploads\/2023\/05\/kuro-aparatura-100x19.png 100w, https:\/\/tech4s.lt\/wp-content\/uploads\/2023\/05\/kuro-aparatura-64x12.png 64w\" sizes=\"(max-width: 1179px) 100vw, 1179px\" \/>\t\t\t\t\t\t\t<\/div>\n\t\t\t\t\t\t<\/div>\n\n\t\t\t\t\t\t\t\t\t<\/div>\n\t\t\t\t\t\t\t<div class='uael-infobox-title-wrap'><h3 class=\"uael-infobox-title elementor-inline-editing\" data-elementor-setting-key=\"infobox_title\" data-elementor-inline-editing-toolbar=\"basic\" >PARTS OF FUEL APPARATUS<\/h3><\/div>\t\t\t\t\t\t\t\t\t<div class=\"uael-infobox-text-wrap\">\n\t\t\t\t<div class=\"uael-infobox-text elementor-inline-editing\" data-elementor-setting-key=\"infobox_description\" data-elementor-inline-editing-toolbar=\"advanced\">\n\t\t\t\t\tFuel pumps, \ninjectors, \ninjectors, \nfilters, \nfuel system parts, \npumps.\t\t\t\t<\/div>\n\t\t\t\t\t\n\t\t\t\t\t\t\t<\/div>\n\t\t<\/div>\n\t\t\t<\/div>\n<\/div>\n\t\t\t\t<\/div>\n\t\t\t\t<\/div>\n\t\t\t\t<div class=\"elementor-element elementor-element-526863a elementor-widget elementor-widget-uael-infobox\" data-id=\"526863a\" data-element_type=\"widget\" data-e-type=\"widget\" data-widget_type=\"uael-infobox.default\">\n\t\t\t\t<div class=\"elementor-widget-container\">\n\t\t\t\t\t\n<div class=\"uael-module-content uael-infobox uael-imgicon-style-normal  uael-infobox-center  infobox-has-photo uael-infobox-photo-above-title  uael-infobox-link-type-module\">\n\t<div class=\"uael-infobox-left-right-wrap\">\n\t\t\t\t\t<a href=\"https:\/\/tech4s.lt\/varikliu-kapitalinis-remontas\/\" class=\"uael-infobox-module-link\" aria-label=\"Infobox Link\"><\/a>\n\t\t\t\t\t\t\t<div class=\"uael-infobox-content\">\n\t\t\t\t\t\t\t<div class=\"uael-module-content uael-imgicon-wrap \">\t\t\t\t\t\t\t\t\t\t\t\n\t\t\t\t\t\t\t\t\t\t\t\t\t\t\t\t<div class=\"uael-image\" itemscope itemtype=\"http:\/\/schema.org\/ImageObject\">\n\t\t\t\t\t\t\t<div class=\"uael-image-content elementor-animation- \">\n\t\t\t\t\t\t\t\t<img decoding=\"async\" width=\"1155\" height=\"202\" src=\"https:\/\/tech4s.lt\/wp-content\/uploads\/2023\/05\/varikliu-dalys.png\" class=\"attachment-full size-full wp-image-5259\" alt=\"Varikli\u0173 dalys\" srcset=\"https:\/\/tech4s.lt\/wp-content\/uploads\/2023\/05\/varikliu-dalys.png 1155w, https:\/\/tech4s.lt\/wp-content\/uploads\/2023\/05\/varikliu-dalys-300x52.png 300w, https:\/\/tech4s.lt\/wp-content\/uploads\/2023\/05\/varikliu-dalys-1024x179.png 1024w, https:\/\/tech4s.lt\/wp-content\/uploads\/2023\/05\/varikliu-dalys-768x134.png 768w, https:\/\/tech4s.lt\/wp-content\/uploads\/2023\/05\/varikliu-dalys-600x105.png 600w, https:\/\/tech4s.lt\/wp-content\/uploads\/2023\/05\/varikliu-dalys-100x17.png 100w, https:\/\/tech4s.lt\/wp-content\/uploads\/2023\/05\/varikliu-dalys-64x11.png 64w\" sizes=\"(max-width: 1155px) 100vw, 1155px\" \/>\t\t\t\t\t\t\t<\/div>\n\t\t\t\t\t\t<\/div>\n\n\t\t\t\t\t\t\t\t\t<\/div>\n\t\t\t\t\t\t\t<div class='uael-infobox-title-wrap'><h3 class=\"uael-infobox-title elementor-inline-editing\" data-elementor-setting-key=\"infobox_title\" data-elementor-inline-editing-toolbar=\"basic\" >ENGINE PARTS<\/h3><\/div>\t\t\t\t\t\t\t\t\t<div class=\"uael-infobox-text-wrap\">\n\t\t\t\t<div class=\"uael-infobox-text elementor-inline-editing\" data-elementor-setting-key=\"infobox_description\" data-elementor-inline-editing-toolbar=\"advanced\">\n\t\t\t\t\tBlocks, heads, crankshafts, connecting rods, pistons, valves, repair groups, gaskets, water pumps.\t\t\t\t<\/div>\n\t\t\t\t\t\n\t\t\t\t\t\t\t<\/div>\n\t\t<\/div>\n\t\t\t<\/div>\n<\/div>\n\t\t\t\t<\/div>\n\t\t\t\t<\/div>\n\t\t\t\t<div class=\"elementor-element elementor-element-289c593 elementor-widget elementor-widget-uael-infobox\" data-id=\"289c593\" data-element_type=\"widget\" data-e-type=\"widget\" data-widget_type=\"uael-infobox.default\">\n\t\t\t\t<div class=\"elementor-widget-container\">\n\t\t\t\t\t\n<div class=\"uael-module-content uael-infobox uael-imgicon-style-normal  uael-infobox-center  infobox-has-photo uael-infobox-photo-above-title  uael-infobox-link-type-module\">\n\t<div class=\"uael-infobox-left-right-wrap\">\n\t\t\t\t\t<a href=\"https:\/\/tech4s.lt\/tiltu-greiciu-deziu-ir-reduktoriu-remontas\/\" class=\"uael-infobox-module-link\" aria-label=\"Infobox Link\"><\/a>\n\t\t\t\t\t\t\t<div class=\"uael-infobox-content\">\n\t\t\t\t\t\t\t<div class=\"uael-module-content uael-imgicon-wrap \">\t\t\t\t\t\t\t\t\t\t\t\n\t\t\t\t\t\t\t\t\t\t\t\t\t\t\t\t<div class=\"uael-image\" itemscope itemtype=\"http:\/\/schema.org\/ImageObject\">\n\t\t\t\t\t\t\t<div class=\"uael-image-content elementor-animation- \">\n\t\t\t\t\t\t\t\t<img loading=\"lazy\" decoding=\"async\" width=\"1243\" height=\"211\" src=\"https:\/\/tech4s.lt\/wp-content\/uploads\/2023\/05\/tiltai-transmisijos.png\" class=\"attachment-full size-full wp-image-5260\" alt=\"\" srcset=\"https:\/\/tech4s.lt\/wp-content\/uploads\/2023\/05\/tiltai-transmisijos.png 1243w, https:\/\/tech4s.lt\/wp-content\/uploads\/2023\/05\/tiltai-transmisijos-300x51.png 300w, https:\/\/tech4s.lt\/wp-content\/uploads\/2023\/05\/tiltai-transmisijos-1024x174.png 1024w, https:\/\/tech4s.lt\/wp-content\/uploads\/2023\/05\/tiltai-transmisijos-768x130.png 768w, https:\/\/tech4s.lt\/wp-content\/uploads\/2023\/05\/tiltai-transmisijos-600x102.png 600w, https:\/\/tech4s.lt\/wp-content\/uploads\/2023\/05\/tiltai-transmisijos-100x17.png 100w, https:\/\/tech4s.lt\/wp-content\/uploads\/2023\/05\/tiltai-transmisijos-64x11.png 64w\" sizes=\"(max-width: 1243px) 100vw, 1243px\" \/>\t\t\t\t\t\t\t<\/div>\n\t\t\t\t\t\t<\/div>\n\n\t\t\t\t\t\t\t\t\t<\/div>\n\t\t\t\t\t\t\t<div class='uael-infobox-title-wrap'><h3 class=\"uael-infobox-title elementor-inline-editing\" data-elementor-setting-key=\"infobox_title\" data-elementor-inline-editing-toolbar=\"basic\" >PARTS FOR AXLES AND TRANSMISSIONS<\/h3><\/div>\t\t\t\t\t\t\t\t\t<div class=\"uael-infobox-text-wrap\">\n\t\t\t\t<div class=\"uael-infobox-text elementor-inline-editing\" data-elementor-setting-key=\"infobox_description\" data-elementor-inline-editing-toolbar=\"advanced\">\n\t\t\t\t\tGear reducers, gears, housings, gearboxes, clutch discs, disc brakes, axles, housings, hubs, side gears, discs, seals, cardan joints, shafts, driveshafts, half-shafts, crosses.\t\t\t\t<\/div>\n\t\t\t\t\t\n\t\t\t\t\t\t\t<\/div>\n\t\t<\/div>\n\t\t\t<\/div>\n<\/div>\n\t\t\t\t<\/div>\n\t\t\t\t<\/div>\n\t\t\t\t<div class=\"elementor-element elementor-element-9f5619b elementor-widget elementor-widget-uael-infobox\" data-id=\"9f5619b\" data-element_type=\"widget\" data-e-type=\"widget\" data-widget_type=\"uael-infobox.default\">\n\t\t\t\t<div class=\"elementor-widget-container\">\n\t\t\t\t\t\n<div class=\"uael-module-content uael-infobox uael-imgicon-style-normal  uael-infobox-center  infobox-has-photo uael-infobox-photo-above-title  uael-infobox-link-type-module\">\n\t<div class=\"uael-infobox-left-right-wrap\">\n\t\t\t\t\t<a href=\"https:\/\/tech4s.lt\/hidrauliniu-siurbliu-ir-hidrovarikliu-remontas\/\" class=\"uael-infobox-module-link\" aria-label=\"Infobox Link\"><\/a>\n\t\t\t\t\t\t\t<div class=\"uael-infobox-content\">\n\t\t\t\t\t\t\t<div class=\"uael-module-content uael-imgicon-wrap \">\t\t\t\t\t\t\t\t\t\t\t\n\t\t\t\t\t\t\t\t\t\t\t\t\t\t\t\t<div class=\"uael-image\" itemscope itemtype=\"http:\/\/schema.org\/ImageObject\">\n\t\t\t\t\t\t\t<div class=\"uael-image-content elementor-animation- \">\n\t\t\t\t\t\t\t\t<img loading=\"lazy\" decoding=\"async\" width=\"1142\" height=\"224\" src=\"https:\/\/tech4s.lt\/wp-content\/uploads\/2023\/05\/hidraulikos-dalys.png\" class=\"attachment-full size-full wp-image-5258\" alt=\"\" srcset=\"https:\/\/tech4s.lt\/wp-content\/uploads\/2023\/05\/hidraulikos-dalys.png 1142w, https:\/\/tech4s.lt\/wp-content\/uploads\/2023\/05\/hidraulikos-dalys-300x59.png 300w, https:\/\/tech4s.lt\/wp-content\/uploads\/2023\/05\/hidraulikos-dalys-1024x201.png 1024w, https:\/\/tech4s.lt\/wp-content\/uploads\/2023\/05\/hidraulikos-dalys-768x151.png 768w, https:\/\/tech4s.lt\/wp-content\/uploads\/2023\/05\/hidraulikos-dalys-600x118.png 600w, https:\/\/tech4s.lt\/wp-content\/uploads\/2023\/05\/hidraulikos-dalys-100x20.png 100w, https:\/\/tech4s.lt\/wp-content\/uploads\/2023\/05\/hidraulikos-dalys-64x13.png 64w\" sizes=\"(max-width: 1142px) 100vw, 1142px\" \/>\t\t\t\t\t\t\t<\/div>\n\t\t\t\t\t\t<\/div>\n\n\t\t\t\t\t\t\t\t\t<\/div>\n\t\t\t\t\t\t\t<div class='uael-infobox-title-wrap'><h3 class=\"uael-infobox-title elementor-inline-editing\" data-elementor-setting-key=\"infobox_title\" data-elementor-inline-editing-toolbar=\"basic\" >HYDRAULICS PARTS<\/h3><\/div>\t\t\t\t\t\t\t\t\t<div class=\"uael-infobox-text-wrap\">\n\t\t\t\t<div class=\"uael-infobox-text elementor-inline-editing\" data-elementor-setting-key=\"infobox_description\" data-elementor-inline-editing-toolbar=\"advanced\">\n\t\t\t\t\tHydraulic pumps, hydraulic valves, valves, distributors, control units, cylinders, seals.\t\t\t\t<\/div>\n\t\t\t\t\t\n\t\t\t\t\t\t\t<\/div>\n\t\t<\/div>\n\t\t\t<\/div>\n<\/div>\n\t\t\t\t<\/div>\n\t\t\t\t<\/div>\n\t\t\t\t<div class=\"elementor-element elementor-element-6379748 elementor-widget__width-auto elementor-align-center uael-mbutton-text-center elementor-widget elementor-widget-uael-marketing-button\" data-id=\"6379748\" data-element_type=\"widget\" data-e-type=\"widget\" data-settings=\"{&quot;icon_indent&quot;:{&quot;unit&quot;:&quot;px&quot;,&quot;size&quot;:10,&quot;sizes&quot;:[]},&quot;padding&quot;:{&quot;unit&quot;:&quot;px&quot;,&quot;top&quot;:&quot;15&quot;,&quot;right&quot;:&quot;28&quot;,&quot;bottom&quot;:&quot;15&quot;,&quot;left&quot;:&quot;28&quot;,&quot;isLinked&quot;:false},&quot;title_margin_bottom&quot;:{&quot;unit&quot;:&quot;px&quot;,&quot;size&quot;:11,&quot;sizes&quot;:[]},&quot;icon_size&quot;:{&quot;unit&quot;:&quot;px&quot;,&quot;size&quot;:23,&quot;sizes&quot;:[]},&quot;icon_size_tablet&quot;:{&quot;unit&quot;:&quot;px&quot;,&quot;size&quot;:&quot;&quot;,&quot;sizes&quot;:[]},&quot;icon_size_mobile&quot;:{&quot;unit&quot;:&quot;px&quot;,&quot;size&quot;:&quot;&quot;,&quot;sizes&quot;:[]},&quot;icon_indent_tablet&quot;:{&quot;unit&quot;:&quot;px&quot;,&quot;size&quot;:&quot;&quot;,&quot;sizes&quot;:[]},&quot;icon_indent_mobile&quot;:{&quot;unit&quot;:&quot;px&quot;,&quot;size&quot;:&quot;&quot;,&quot;sizes&quot;:[]},&quot;align&quot;:&quot;center&quot;,&quot;padding_tablet&quot;:{&quot;unit&quot;:&quot;px&quot;,&quot;top&quot;:&quot;&quot;,&quot;right&quot;:&quot;&quot;,&quot;bottom&quot;:&quot;&quot;,&quot;left&quot;:&quot;&quot;,&quot;isLinked&quot;:true},&quot;padding_mobile&quot;:{&quot;unit&quot;:&quot;px&quot;,&quot;top&quot;:&quot;&quot;,&quot;right&quot;:&quot;&quot;,&quot;bottom&quot;:&quot;&quot;,&quot;left&quot;:&quot;&quot;,&quot;isLinked&quot;:true},&quot;title_margin_bottom_tablet&quot;:{&quot;unit&quot;:&quot;px&quot;,&quot;size&quot;:&quot;&quot;,&quot;sizes&quot;:[]},&quot;title_margin_bottom_mobile&quot;:{&quot;unit&quot;:&quot;px&quot;,&quot;size&quot;:&quot;&quot;,&quot;sizes&quot;:[]}}\" data-widget_type=\"uael-marketing-button.default\">\n\t\t\t\t<div class=\"elementor-widget-container\">\n\t\t\t\t\t\t\t<div class=\"uael-marketing-button elementor-widget-button\">\n\t\t\t<div class=\"uael-button-wrapper\">\n\t\t\t\t<a class=\"elementor-button-link elementor-button elementor-size-xs uael-marketing-buttons-right elementor-animation-shrink\" href=\"https:\/\/tech4s.lt\/traktoriu-remontas-dalys\/\">\n\t\t\t\t\t\t\t\t\t\t\t\t\t<span class=\"uael-marketing-buttons-wrap\">\n\t\t\t<span class=\"elementor-button-content-wrapper uael-buttons-icon-right\">\n\t\t\t\t\t\t\t\t\t\n\t\t\t\t<span class=\"elementor-align-icon-right elementor-button-icon\">\n\n\t\t\t\t\t<i aria-hidden=\"true\" class=\"fas fa-wrench\"><\/i>\n\t\t\t\t<\/span>\n\t\t\t\t\t\t\t\t\t\t\t\t\t<span class=\"elementor-button-text uael-marketing-button-title elementor-inline-editing\" data-elementor-setting-key=\"text\" data-elementor-inline-editing-toolbar=\"none\">REPAIR SERVICES<\/span>\n\t\t\t<\/span>\n\t\t\t\t\t\t\t<span class=\"uael-marketing-button-desc elementor-inline-editing\" data-elementor-setting-key=\"desc_text\" data-elementor-inline-editing-toolbar=\"none\">Broken appliance in need of repair? Click here. <\/span>\n\t\t\t\t\t<\/span>\n\t\t\t\t\t\t<\/a>\n\t\t\t<\/div>\n\t\t<\/div>\n\t\t\t\t\t\t<\/div>\n\t\t\t\t<\/div>\n\t\t\t\t<div class=\"elementor-element elementor-element-689d683 uzklausa-click elementor-widget__width-auto elementor-align-center uael-mbutton-text-center elementor-widget elementor-widget-uael-marketing-button\" data-id=\"689d683\" data-element_type=\"widget\" data-e-type=\"widget\" data-settings=\"{&quot;icon_indent&quot;:{&quot;unit&quot;:&quot;px&quot;,&quot;size&quot;:10,&quot;sizes&quot;:[]},&quot;padding&quot;:{&quot;unit&quot;:&quot;px&quot;,&quot;top&quot;:&quot;15&quot;,&quot;right&quot;:&quot;28&quot;,&quot;bottom&quot;:&quot;15&quot;,&quot;left&quot;:&quot;28&quot;,&quot;isLinked&quot;:false},&quot;title_margin_bottom&quot;:{&quot;unit&quot;:&quot;px&quot;,&quot;size&quot;:11,&quot;sizes&quot;:[]},&quot;icon_size&quot;:{&quot;unit&quot;:&quot;px&quot;,&quot;size&quot;:23,&quot;sizes&quot;:[]},&quot;icon_size_tablet&quot;:{&quot;unit&quot;:&quot;px&quot;,&quot;size&quot;:&quot;&quot;,&quot;sizes&quot;:[]},&quot;icon_size_mobile&quot;:{&quot;unit&quot;:&quot;px&quot;,&quot;size&quot;:&quot;&quot;,&quot;sizes&quot;:[]},&quot;icon_indent_tablet&quot;:{&quot;unit&quot;:&quot;px&quot;,&quot;size&quot;:&quot;&quot;,&quot;sizes&quot;:[]},&quot;icon_indent_mobile&quot;:{&quot;unit&quot;:&quot;px&quot;,&quot;size&quot;:&quot;&quot;,&quot;sizes&quot;:[]},&quot;align&quot;:&quot;center&quot;,&quot;padding_tablet&quot;:{&quot;unit&quot;:&quot;px&quot;,&quot;top&quot;:&quot;&quot;,&quot;right&quot;:&quot;&quot;,&quot;bottom&quot;:&quot;&quot;,&quot;left&quot;:&quot;&quot;,&quot;isLinked&quot;:true},&quot;padding_mobile&quot;:{&quot;unit&quot;:&quot;px&quot;,&quot;top&quot;:&quot;&quot;,&quot;right&quot;:&quot;&quot;,&quot;bottom&quot;:&quot;&quot;,&quot;left&quot;:&quot;&quot;,&quot;isLinked&quot;:true},&quot;title_margin_bottom_tablet&quot;:{&quot;unit&quot;:&quot;px&quot;,&quot;size&quot;:&quot;&quot;,&quot;sizes&quot;:[]},&quot;title_margin_bottom_mobile&quot;:{&quot;unit&quot;:&quot;px&quot;,&quot;size&quot;:&quot;&quot;,&quot;sizes&quot;:[]}}\" data-widget_type=\"uael-marketing-button.default\">\n\t\t\t\t<div class=\"elementor-widget-container\">\n\t\t\t\t\t\t\t<div class=\"uael-marketing-button elementor-widget-button\">\n\t\t\t<div class=\"uael-button-wrapper\">\n\t\t\t\t<a class=\"elementor-button-link elementor-button elementor-size-xs uael-marketing-buttons-right elementor-animation-shrink\" href=\"#elementor-action%3Aaction%3Dpopup%3Aopen%26settings%3DeyJpZCI6MTA3MDEsInRvZ2dsZSI6ZmFsc2V9\">\n\t\t\t\t\t\t\t\t\t\t\t\t\t<span class=\"uael-marketing-buttons-wrap\">\n\t\t\t<span class=\"elementor-button-content-wrapper uael-buttons-icon-right\">\n\t\t\t\t\t\t\t\t\t\n\t\t\t\t<span class=\"elementor-align-icon-right elementor-button-icon\">\n\n\t\t\t\t\t<i aria-hidden=\"true\" class=\"fas fa-envelope-open\"><\/i>\n\t\t\t\t<\/span>\n\t\t\t\t\t\t\t\t\t\t\t\t\t<span class=\"elementor-button-text uael-marketing-button-title elementor-inline-editing\" data-elementor-setting-key=\"text\" data-elementor-inline-editing-toolbar=\"none\">ASK FOR DETAILS<\/span>\n\t\t\t<\/span>\n\t\t\t\t\t\t\t<span class=\"uael-marketing-button-desc elementor-inline-editing\" data-elementor-setting-key=\"desc_text\" data-elementor-inline-editing-toolbar=\"none\">Fill in the enquiry form and we will reply.<\/span>\n\t\t\t\t\t<\/span>\n\t\t\t\t\t\t<\/a>\n\t\t\t<\/div>\n\t\t<\/div>\n\t\t\t\t\t\t<\/div>\n\t\t\t\t<\/div>\n\t\t\t\t<div class=\"elementor-element elementor-element-09280ef elementor-alert-success elementor-widget elementor-widget-alert\" data-id=\"09280ef\" data-element_type=\"widget\" data-e-type=\"widget\" data-widget_type=\"alert.default\">\n\t\t\t\t\t\t\t<div class=\"elementor-alert\" role=\"alert\">\n\n\t\t\t\t\t\t<span class=\"elementor-alert-title\">MOST POPULAR MANUFACTURERS<\/span>\n\t\t\t\n\t\t\t\t\t\t<span class=\"elementor-alert-description\">John Deere - Massey Ferguson - CASE IH - JCB - New Holland - Fendt - Kubota - Fiat - Ford - Deutz-Fahr - Claas - Valtra - Valmet - Manitou - Same - David Brown - David Brown - McCormick - Merlo - Landini - Lamborghini - Lombardini - Zetor - Caterpillar - Yanmar- Challenger<\/span>\n\t\t\t\n\t\t\t\n\t\t<\/div>\n\t\t\t\t\t\t<\/div>\n\t\t\t\t\t<\/div>\n\t\t<\/div>\n\t\t\t\t\t<\/div>\n\t\t<\/section>\n\t\t\t\t<section class=\"elementor-section elementor-top-section elementor-element elementor-element-8e504b2 elementor-section-boxed elementor-section-height-default elementor-section-height-default\" data-id=\"8e504b2\" data-element_type=\"section\" data-e-type=\"section\">\n\t\t\t\t\t\t<div class=\"elementor-container elementor-column-gap-default\">\n\t\t\t\t\t<div class=\"elementor-column elementor-col-100 elementor-top-column elementor-element elementor-element-044dbb0\" data-id=\"044dbb0\" data-element_type=\"column\" data-e-type=\"column\">\n\t\t\t<div class=\"elementor-widget-wrap\">\n\t\t\t\t\t\t\t<\/div>\n\t\t<\/div>\n\t\t\t\t\t<\/div>\n\t\t<\/section>\n\t\t\t\t<\/div>\n\t\t","protected":false},"excerpt":{"rendered":"<p>Parts for agricultural machinery Our company specialises in the supply of spare parts for agricultural machinery. We offer high quality parts for a wide range of agricultural machinery. We have a large selection of spare parts for tractors, combine harvesters, seed drills, sprayers and other agricultural tools. Our product range includes the parts you need [&hellip;]<\/p>\n","protected":false},"author":1,"featured_media":0,"parent":0,"menu_order":0,"comment_status":"closed","ping_status":"closed","template":"","meta":{"footnotes":""},"class_list":["post-9675","page","type-page","status-publish","hentry"],"_links":{"self":[{"href":"https:\/\/tech4s.lt\/en\/wp-json\/wp\/v2\/pages\/9675","targetHints":{"allow":["GET"]}}],"collection":[{"href":"https:\/\/tech4s.lt\/en\/wp-json\/wp\/v2\/pages"}],"about":[{"href":"https:\/\/tech4s.lt\/en\/wp-json\/wp\/v2\/types\/page"}],"author":[{"embeddable":true,"href":"https:\/\/tech4s.lt\/en\/wp-json\/wp\/v2\/users\/1"}],"replies":[{"embeddable":true,"href":"https:\/\/tech4s.lt\/en\/wp-json\/wp\/v2\/comments?post=9675"}],"version-history":[{"count":0,"href":"https:\/\/tech4s.lt\/en\/wp-json\/wp\/v2\/pages\/9675\/revisions"}],"wp:attachment":[{"href":"https:\/\/tech4s.lt\/en\/wp-json\/wp\/v2\/media?parent=9675"}],"curies":[{"name":"wp","href":"https:\/\/api.w.org\/{rel}","templated":true}]}}