{"id":9684,"date":"2023-05-16T10:59:45","date_gmt":"2023-05-16T07:59:45","guid":{"rendered":"https:\/\/tech4s.lt\/repair-of-bridges-gearboxes-and-gear-reducers\/"},"modified":"2025-05-21T08:55:08","modified_gmt":"2025-05-21T05:55:08","slug":"repair-of-axles-gearboxes-and-gear-reducers","status":"publish","type":"page","link":"https:\/\/tech4s.lt\/en\/repair-of-axles-gearboxes-and-gear-reducers\/","title":{"rendered":"Repair of bridges, gearboxes and gear reducers"},"content":{"rendered":"\t\t<div data-elementor-type=\"wp-page\" data-elementor-id=\"9684\" class=\"elementor elementor-9684 elementor-3599\" data-elementor-post-type=\"page\">\n\t\t\t\t\t\t<section class=\"elementor-section elementor-top-section elementor-element elementor-element-17c9e6c9 elementor-section-full_width elementor-section-height-min-height elementor-section-height-default elementor-section-items-middle\" data-id=\"17c9e6c9\" data-element_type=\"section\" data-e-type=\"section\" data-settings=\"{&quot;background_background&quot;:&quot;classic&quot;}\">\n\t\t\t\t\t\t<div class=\"elementor-container elementor-column-gap-no\">\n\t\t\t\t\t<div class=\"elementor-column elementor-col-100 elementor-top-column elementor-element elementor-element-53d58020\" data-id=\"53d58020\" data-element_type=\"column\" data-e-type=\"column\">\n\t\t\t<div class=\"elementor-widget-wrap elementor-element-populated\">\n\t\t\t\t\t\t\t<\/div>\n\t\t<\/div>\n\t\t\t\t\t<\/div>\n\t\t<\/section>\n\t\t\t\t<section class=\"elementor-section elementor-top-section elementor-element elementor-element-5844557a elementor-section-height-min-height elementor-section-items-top elementor-section-boxed elementor-section-height-default\" data-id=\"5844557a\" data-element_type=\"section\" data-e-type=\"section\">\n\t\t\t\t\t\t<div class=\"elementor-container elementor-column-gap-default\">\n\t\t\t\t\t<div class=\"elementor-column elementor-col-33 elementor-top-column elementor-element elementor-element-1cb28015\" data-id=\"1cb28015\" data-element_type=\"column\" data-e-type=\"column\">\n\t\t\t<div class=\"elementor-widget-wrap elementor-element-populated\">\n\t\t\t\t\t\t<div class=\"elementor-element elementor-element-128b6a4 elementor-widget elementor-widget-global elementor-global-5861 elementor-widget-wp-widget-maxmegamenu\" data-id=\"128b6a4\" data-element_type=\"widget\" data-e-type=\"widget\" data-widget_type=\"wp-widget-maxmegamenu.default\">\n\t\t\t\t<div class=\"elementor-widget-container\">\n\t\t\t\t\t<div id=\"mega-menu-wrap-max_mega_menu_2\" class=\"mega-menu-wrap\"><div class=\"mega-menu-toggle\"><div class=\"mega-toggle-blocks-left\"><div class='mega-toggle-block mega-html-block mega-toggle-block-1' id='mega-toggle-block-1'>I\u0161skleisti meniu<\/div><\/div><div class=\"mega-toggle-blocks-center\"><\/div><div class=\"mega-toggle-blocks-right\"><div class='mega-toggle-block mega-menu-toggle-animated-block mega-toggle-block-2' id='mega-toggle-block-2'><button aria-label=\"Toggle Menu\" class=\"mega-toggle-animated mega-toggle-animated-slider\" type=\"button\" aria-haspopup=\"true\" aria-expanded=\"false\" aria-controls=\"mega-menu-max_mega_menu_2\">\n                  <span class=\"mega-toggle-animated-box\">\n                    <span class=\"mega-toggle-animated-inner\"><\/span>\n                  <\/span>\n                <\/button><\/div><\/div><\/div><ul id=\"mega-menu-max_mega_menu_2\" class=\"mega-menu max-mega-menu mega-menu-accordion mega-no-js\" data-event=\"click\" data-effect=\"fade_up\" data-effect-speed=\"200\" data-effect-mobile=\"disabled\" data-effect-speed-mobile=\"0\" data-mobile-force-width=\"false\" data-second-click=\"go\" data-document-click=\"disabled\" data-vertical-behaviour=\"standard\" data-breakpoint=\"768\" data-unbind=\"true\" data-mobile-state=\"collapse_all\" data-mobile-direction=\"vertical\" data-hover-intent-timeout=\"300\" data-hover-intent-interval=\"100\"><li class=\"mega-menu-item mega-menu-item-type-post_type mega-menu-item-object-page mega-align-bottom-left mega-menu-flyout mega-menu-item-4072\" id=\"mega-menu-item-4072\"><a class=\"mega-menu-link\" href=\"https:\/\/tech4s.lt\/traktoriu-remontas-dalys\/\">Traktori\u0173 remontas ir atsargin\u0117s dalys<\/a><\/li><li class=\"mega-menu-item mega-menu-item-type-post_type mega-menu-item-object-page mega-align-bottom-left mega-menu-flyout mega-menu-item-4995\" id=\"mega-menu-item-4995\"><a class=\"mega-menu-link\" href=\"https:\/\/tech4s.lt\/statybines-technikos-dalys-ir-remontas\/\">Statybin\u0117s technikos dalys ir remontas<\/a><\/li><li class=\"mega-menu-item mega-menu-item-type-post_type mega-menu-item-object-page mega-align-bottom-left mega-menu-flyout mega-menu-item-944\" id=\"mega-menu-item-944\"><a class=\"mega-menu-link\" href=\"https:\/\/tech4s.lt\/varikliu-kapitalinis-remontas\/\">Varikli\u0173 kapitalinis remontas<\/a><\/li><li class=\"mega-menu-item mega-menu-item-type-post_type mega-menu-item-object-page mega-align-bottom-left mega-menu-flyout mega-menu-item-956\" id=\"mega-menu-item-956\"><a class=\"mega-menu-link\" href=\"https:\/\/tech4s.lt\/kuro-siurbliu-ir-purkstuku-remontas\/\">Kuro siurbli\u0173 ir purk\u0161tuk\u0173 remontas<\/a><\/li><li class=\"mega-menu-item mega-menu-item-type-post_type mega-menu-item-object-page mega-align-bottom-left mega-menu-flyout mega-menu-item-3612\" id=\"mega-menu-item-3612\"><a class=\"mega-menu-link\" href=\"https:\/\/tech4s.lt\/tiltu-greiciu-deziu-ir-reduktoriu-remontas\/\">Tilt\u0173, grei\u010di\u0173 d\u0117\u017ei\u0173 ir reduktori\u0173 remontas<\/a><\/li><li class=\"mega-menu-item mega-menu-item-type-post_type mega-menu-item-object-page mega-align-bottom-left mega-menu-flyout mega-menu-item-3611\" id=\"mega-menu-item-3611\"><a class=\"mega-menu-link\" href=\"https:\/\/tech4s.lt\/hidrauliniu-siurbliu-ir-hidrovarikliu-remontas\/\">Hidraulini\u0173 siurbli\u0173 ir hidrovarikli\u0173 remontas<\/a><\/li><li class=\"mega-menu-item mega-menu-item-type-post_type mega-menu-item-object-page mega-align-bottom-left mega-menu-flyout mega-menu-item-6424\" id=\"mega-menu-item-6424\"><a class=\"mega-menu-link\" href=\"https:\/\/tech4s.lt\/keliu-tiesimo-masinu-dalys-ir-remontas\/\">Keli\u0173 tiesimo ma\u0161in\u0173 dalys ir remontas<\/a><\/li><\/ul><\/div>\t\t\t\t<\/div>\n\t\t\t\t<\/div>\n\t\t\t\t\t<\/div>\n\t\t<\/div>\n\t\t\t\t<div class=\"elementor-column elementor-col-66 elementor-top-column elementor-element elementor-element-12961369\" data-id=\"12961369\" data-element_type=\"column\" data-e-type=\"column\">\n\t\t\t<div class=\"elementor-widget-wrap elementor-element-populated\">\n\t\t\t\t\t\t<div class=\"elementor-element elementor-element-7f1ebff3 elementor-widget elementor-widget-heading\" data-id=\"7f1ebff3\" data-element_type=\"widget\" data-e-type=\"widget\" data-widget_type=\"heading.default\">\n\t\t\t\t\t<h1 class=\"elementor-heading-title elementor-size-default\">Drive axles and transmissions<\/h1>\t\t\t\t<\/div>\n\t\t\t\t<div class=\"elementor-element elementor-element-589e7083 elementor-widget elementor-widget-text-editor\" data-id=\"589e7083\" data-element_type=\"widget\" data-e-type=\"widget\" data-widget_type=\"text-editor.default\">\n\t\t\t\t\t\t\t\t\t<p>In the event of breakdowns, our technicians carry out fast and efficient repairs to drive axles and gearboxes. We have experience with a wide range of drive axle makes and models, so we can resolve the various causes of failure. <\/p>\t\t\t\t\t\t\t\t<\/div>\n\t\t\t\t<div class=\"elementor-element elementor-element-ba1cc93 elementor-widget elementor-widget-heading\" data-id=\"ba1cc93\" data-element_type=\"widget\" data-e-type=\"widget\" data-widget_type=\"heading.default\">\n\t\t\t\t\t<h2 class=\"elementor-heading-title elementor-size-default\">REPAIR SERVICES<\/h2>\t\t\t\t<\/div>\n\t\t\t\t<div class=\"elementor-element elementor-element-8f7ff8e elementor-list-item-link-full_width elementor-widget elementor-widget-icon-list\" data-id=\"8f7ff8e\" data-element_type=\"widget\" data-e-type=\"widget\" data-widget_type=\"icon-list.default\">\n\t\t\t\t\t\t\t<ul class=\"elementor-icon-list-items\">\n\t\t\t\t\t\t\t<li class=\"elementor-icon-list-item\">\n\t\t\t\t\t\t\t\t\t\t\t<span class=\"elementor-icon-list-icon\">\n\t\t\t\t\t\t\t<i aria-hidden=\"true\" class=\"fas fa-caret-right\"><\/i>\t\t\t\t\t\t<\/span>\n\t\t\t\t\t\t\t\t\t\t<span class=\"elementor-icon-list-text\">Repair of gearboxes<\/span>\n\t\t\t\t\t\t\t\t\t<\/li>\n\t\t\t\t\t\t\t\t<li class=\"elementor-icon-list-item\">\n\t\t\t\t\t\t\t\t\t\t\t<span class=\"elementor-icon-list-icon\">\n\t\t\t\t\t\t\t<i aria-hidden=\"true\" class=\"fas fa-caret-right\"><\/i>\t\t\t\t\t\t<\/span>\n\t\t\t\t\t\t\t\t\t\t<span class=\"elementor-icon-list-text\">Troubleshooting<\/span>\n\t\t\t\t\t\t\t\t\t<\/li>\n\t\t\t\t\t\t\t\t<li class=\"elementor-icon-list-item\">\n\t\t\t\t\t\t\t\t\t\t\t<span class=\"elementor-icon-list-icon\">\n\t\t\t\t\t\t\t<i aria-hidden=\"true\" class=\"fas fa-caret-right\"><\/i>\t\t\t\t\t\t<\/span>\n\t\t\t\t\t\t\t\t\t\t<span class=\"elementor-icon-list-text\">Repair of drive axles, side gears<\/span>\n\t\t\t\t\t\t\t\t\t<\/li>\n\t\t\t\t\t\t\t\t<li class=\"elementor-icon-list-item\">\n\t\t\t\t\t\t\t\t\t\t\t<span class=\"elementor-icon-list-icon\">\n\t\t\t\t\t\t\t<i aria-hidden=\"true\" class=\"fas fa-caret-right\"><\/i>\t\t\t\t\t\t<\/span>\n\t\t\t\t\t\t\t\t\t\t<span class=\"elementor-icon-list-text\">Replacement of clutches, discs, disc drives<\/span>\n\t\t\t\t\t\t\t\t\t<\/li>\n\t\t\t\t\t\t\t\t<li class=\"elementor-icon-list-item\">\n\t\t\t\t\t\t\t\t\t\t\t<span class=\"elementor-icon-list-icon\">\n\t\t\t\t\t\t\t<i aria-hidden=\"true\" class=\"fas fa-caret-right\"><\/i>\t\t\t\t\t\t<\/span>\n\t\t\t\t\t\t\t\t\t\t<span class=\"elementor-icon-list-text\">Repair of differentials<\/span>\n\t\t\t\t\t\t\t\t\t<\/li>\n\t\t\t\t\t\t\t\t<li class=\"elementor-icon-list-item\">\n\t\t\t\t\t\t\t\t\t\t\t<span class=\"elementor-icon-list-icon\">\n\t\t\t\t\t\t\t<i aria-hidden=\"true\" class=\"fas fa-caret-right\"><\/i>\t\t\t\t\t\t<\/span>\n\t\t\t\t\t\t\t\t\t\t<span class=\"elementor-icon-list-text\">Production of toothpick pairs<\/span>\n\t\t\t\t\t\t\t\t\t<\/li>\n\t\t\t\t\t\t<\/ul>\n\t\t\t\t\t\t<\/div>\n\t\t\t\t<div class=\"elementor-element elementor-element-282e0e6 elementor-position-inline-start kainos elementor-view-default elementor-mobile-position-block-start elementor-widget elementor-widget-icon-box\" data-id=\"282e0e6\" data-element_type=\"widget\" data-e-type=\"widget\" data-widget_type=\"icon-box.default\">\n\t\t\t\t\t\t\t<div class=\"elementor-icon-box-wrapper\">\n\n\t\t\t\t\t\t<div class=\"elementor-icon-box-icon\">\n\t\t\t\t<a href=\"https:\/\/tech4s.lt\/serviso-paslaugu-kainos\/\" class=\"elementor-icon\" tabindex=\"-1\" aria-label=\"Standard service rates\">\n\t\t\t\t<svg xmlns=\"http:\/\/www.w3.org\/2000\/svg\" id=\"Layer_1\" data-name=\"Layer 1\" viewBox=\"0 0 128 128\"><defs><style>.cls-1{fill:#2d3e50;}<\/style><\/defs><title>b<\/title><path class=\"cls-1\" d=\"M74.44641,26.94214c-.1747.27171-.33806.54643-.49522.82527C74.1063,27.49167,74.27224,27.21642,74.44641,26.94214Z\"><\/path><path class=\"cls-1\" d=\"M95.07677,14.43379c-.20059.04118-.40322.08546-.60072.12867-.164.03636-.32553.07219-.48649.1106-.25354.0574-.50141.11633-.75078.18092-.14553.03524-.288.07251-.433.11033-.074.01788-.145.0378-.21852.05826q-.23292.05989-.46428.12747-.86681.24228-1.70312.51579a9.7833,9.7833,0,0,0-7.91211-4.40308l-32.343,5.40146A4.69665,4.69665,0,0,0,46.353,18.449L4.026,73.67661a5.93655,5.93655,0,0,0,1.38972,8.63646l50.7186,33.44378a5.9366,5.9366,0,0,0,8.48494-2.12778L98.1162,54.00461l.73985-1.31768a4.66585,4.66585,0,0,0,.4968-3.05c.23462-.03209.4718-.0647.70794-.10246.12759-.01815.25723-.03941.38687-.06066.12449-.02019.249-.0404.37553-.06369q.6875-.117,1.38057-.25929c14.78174-3.03451,24.79395-13.03613,22.79575-22.76975S109.85851,11.39928,95.07677,14.43379ZM114.81923,36.034a29.15825,29.15825,0,0,1-13.93529,6.68781c-.27.05543-.538.10776-.807.15494-.25564.04713-.50924.09114-.76338.1326a.19841.19841,0,0,0-.03909.00534c-.26752.04152-.535.083-.80157.11631-.26548.03842-.532.07169-.797.0993-.27787.03023-.55574.06048-.83264.08249-.27893.0251-.55323.04657-.8286.06289-.27485.01892-.54817.03213-.822.0428-.27127.01013-.54051.01717-.80823.01852l-.00772.00159c-.23271.0022-.46284.00389-.69145-.0001q-.0919.0028-.18536-.00214c-.24459-.00339-.48455-.01042-.725-.02q-.43334-.01556-.86212-.04814c-.22506-.01275-.44861-.03119-.67011-.05272-.5491-.05075-1.09055-.11647-1.61975-.2008-.10511-.01593-.20765-.0324-.3133-.05092a22.99394,22.99394,0,0,1-2.88768-.67215c-.10313-.03243-.20317-.06282-.30374-.09577-.22948-.07349-.45435-.1506-.67718-.23083q-.14779-.05407-.30486-.11429t-.32348-.12656l-.02888-.01015q-.14935-.06179-.308-.12972c-.11455-.04885-.22963-.10026-.3478-.15373-.19508-.08859-.39687-.18385-.60077-.28938-.07175-.03619-.14607-.07186-.21887-.1132q-.13472-.06882-.271-.14536c-.12391-.06836-.24836-.13929-.37075-.21332-.06094-.03574-.1224-.074-.18387-.11233-.2479-.15011-.49071-.31468-.73255-.48746-.07544-.0542-.15452-.113-.22791-.17029-.08528-.06291-.16541-.12685-.24606-.19338-.077-.0619-.151-.12177-.22337-.1873-.18512-.15763-.36411-.32457-.53439-.50133-.0564-.05276-.10764-.10656-.15942-.16293-.04762-.04918-.09318-.10147-.13875-.15375-.04142-.0451-.08338-.09276-.12275-.141-.0492-.0569-.09582-.11433-.143-.17433a8.42244,8.42244,0,1,1-2.53317-15.21163A8.44348,8.44348,0,0,1,82.698,27.33322l-.23676.21745c.07892-.07247.15785-.145.23729-.21487A8.43669,8.43669,0,0,1,83.70391,32.468a8.27363,8.27363,0,0,1-.83044,2.7433c.34292,1.01769,1.8757,2.13951,3.99154,2.90312a22.86562,22.86562,0,0,0,9.78389,1.00113L93.3851,26.02371,92.3645,21.93985q.72627-.24155,1.47946-.45648c.2838-.0797.5707-.15736.86123-.2304q.83607-.21585,1.6914-.3901a29.15841,29.15841,0,0,1,15.443.65678c2.2025.79407,6.00648,2.653,6.7308,6.18125S116.53076,34.4364,114.81923,36.034Z\"><\/path><\/svg>\t\t\t\t<\/a>\n\t\t\t<\/div>\n\t\t\t\n\t\t\t\t\t\t<div class=\"elementor-icon-box-content\">\n\n\t\t\t\t\t\t\t\t\t<span class=\"elementor-icon-box-title\">\n\t\t\t\t\t\t<a href=\"https:\/\/tech4s.lt\/serviso-paslaugu-kainos\/\" >\n\t\t\t\t\t\t\tStandard service rates\t\t\t\t\t\t<\/a>\n\t\t\t\t\t<\/span>\n\t\t\t\t\n\t\t\t\t\n\t\t\t<\/div>\n\t\t\t\n\t\t<\/div>\n\t\t\t\t\t\t<\/div>\n\t\t\t\t<div class=\"elementor-element elementor-element-77b961e elementor-widget elementor-widget-uael-infobox\" data-id=\"77b961e\" data-element_type=\"widget\" data-e-type=\"widget\" data-widget_type=\"uael-infobox.default\">\n\t\t\t\t<div class=\"elementor-widget-container\">\n\t\t\t\t\t\n<div class=\"uael-module-content uael-infobox uael-imgicon-style-normal  infobox-has-photo uael-infobox-photo-above-title  uael-infobox-link-type-none\">\n\t<div class=\"uael-infobox-left-right-wrap\">\n\t\t\t\t\t\t<div class=\"uael-infobox-content\">\n\t\t\t\t\t\t\t<div class=\"uael-module-content uael-imgicon-wrap \">\t\t\t\t\t\t\t\t\t\t\t\n\t\t\t\t\t\t\t\t\t\t\t\t\t\t\t\t<div class=\"uael-image\" itemscope itemtype=\"http:\/\/schema.org\/ImageObject\">\n\t\t\t\t\t\t\t<div class=\"uael-image-content elementor-animation- \">\n\t\t\t\t\t\t\t\t<img fetchpriority=\"high\" decoding=\"async\" width=\"1243\" height=\"211\" src=\"https:\/\/tech4s.lt\/wp-content\/uploads\/2023\/05\/tiltai-transmisijos.png\" class=\"attachment-full size-full wp-image-5260\" alt=\"\" srcset=\"https:\/\/tech4s.lt\/wp-content\/uploads\/2023\/05\/tiltai-transmisijos.png 1243w, https:\/\/tech4s.lt\/wp-content\/uploads\/2023\/05\/tiltai-transmisijos-300x51.png 300w, https:\/\/tech4s.lt\/wp-content\/uploads\/2023\/05\/tiltai-transmisijos-1024x174.png 1024w, https:\/\/tech4s.lt\/wp-content\/uploads\/2023\/05\/tiltai-transmisijos-768x130.png 768w, https:\/\/tech4s.lt\/wp-content\/uploads\/2023\/05\/tiltai-transmisijos-600x102.png 600w, https:\/\/tech4s.lt\/wp-content\/uploads\/2023\/05\/tiltai-transmisijos-100x17.png 100w, https:\/\/tech4s.lt\/wp-content\/uploads\/2023\/05\/tiltai-transmisijos-64x11.png 64w\" sizes=\"(max-width: 1243px) 100vw, 1243px\" \/>\t\t\t\t\t\t\t<\/div>\n\t\t\t\t\t\t<\/div>\n\n\t\t\t\t\t\t\t\t\t<\/div>\n\t\t\t\t\t\t\t<div class='uael-infobox-title-wrap'><h3 class=\"uael-infobox-title elementor-inline-editing\" data-elementor-setting-key=\"infobox_title\" data-elementor-inline-editing-toolbar=\"basic\" >PARTS FOR AXLES AND TRANSMISSIONS<\/h3><\/div>\t\t\t\t\t\t\t\t\t<div class=\"uael-infobox-text-wrap\">\n\t\t\t\t<div class=\"uael-infobox-text elementor-inline-editing\" data-elementor-setting-key=\"infobox_description\" data-elementor-inline-editing-toolbar=\"advanced\">\n\t\t\t\t\tGear reducers, gears, housings, gearboxes, clutch discs, disc brakes, axles, housings, hubs, side gears, discs, seals, cardan joints, shafts, driveshafts, half-shafts, crosses.\t\t\t\t<\/div>\n\t\t\t\t\t\n\t\t\t\t\t\t\t<\/div>\n\t\t<\/div>\n\t\t\t<\/div>\n<\/div>\n\t\t\t\t<\/div>\n\t\t\t\t<\/div>\n\t\t\t\t<div class=\"elementor-element elementor-element-b0ccdd9 elementor-widget elementor-widget-text-editor\" data-id=\"b0ccdd9\" data-element_type=\"widget\" data-e-type=\"widget\" data-widget_type=\"text-editor.default\">\n\t\t\t\t\t\t\t\t\t<p>We work with a wide range of manufacturers of axle and transmission parts, so we can offer all the parts you need. Parts are selected from catalogues and drawings.   <\/p>\t\t\t\t\t\t\t\t<\/div>\n\t\t\t\t<div class=\"elementor-element elementor-element-429286f uael-ins-normal elementor-widget elementor-widget-uael-image-gallery\" data-id=\"429286f\" data-element_type=\"widget\" data-e-type=\"widget\" data-settings=\"{&quot;justified_margin&quot;:{&quot;unit&quot;:&quot;px&quot;,&quot;size&quot;:6,&quot;sizes&quot;:[]},&quot;justified_margin_tablet&quot;:{&quot;unit&quot;:&quot;px&quot;,&quot;size&quot;:&quot;&quot;,&quot;sizes&quot;:[]},&quot;justified_margin_mobile&quot;:{&quot;unit&quot;:&quot;px&quot;,&quot;size&quot;:&quot;&quot;,&quot;sizes&quot;:[]}}\" data-widget_type=\"uael-image-gallery.default\">\n\t\t\t\t<div class=\"elementor-widget-container\">\n\t\t\t\t\t<div class=\"uael-gallery-parent uael-caption- \"><div class=\"uael-img-gallery-wrap uael-img-justified-wrap uael-img-grid-masonry-wrap\" data-filter-default=\"All\" data-rowheight=\"219\" data-lastrow=\"justify\"><div class=\"uael-grid-item \"><div class=\"uael-grid-item-content\"><figure class=\"uael-grid-img uael-grid-gallery-img uael-ins-hover elementor-clickable\"><div class=\"uael-grid-img-thumbnail uael-ins-target\"><img decoding=\"async\" width=\"600\" height=\"600\" src=\"https:\/\/tech4s.lt\/wp-content\/uploads\/2024\/06\/liebherr-794999-statybos-ir-keliu-tiesimo-technika-2-600x600.jpg\" class=\"attachment-woocommerce_single size-woocommerce_single wp-image-8359\" alt=\"\" \/><\/div><div class=\"uael-grid-img-overlay\"><\/div><\/figure><\/div><\/div><div class=\"uael-grid-item \"><div class=\"uael-grid-item-content\"><figure class=\"uael-grid-img uael-grid-gallery-img uael-ins-hover elementor-clickable\"><div class=\"uael-grid-img-thumbnail uael-ins-target\"><img decoding=\"async\" width=\"600\" height=\"449\" src=\"https:\/\/tech4s.lt\/wp-content\/uploads\/2024\/06\/liebherr-794999-statybos-ir-keliu-tiesimo-technika-0-600x449.jpg\" class=\"attachment-woocommerce_single size-woocommerce_single wp-image-8358\" alt=\"\" srcset=\"https:\/\/tech4s.lt\/wp-content\/uploads\/2024\/06\/liebherr-794999-statybos-ir-keliu-tiesimo-technika-0-600x449.jpg 600w, https:\/\/tech4s.lt\/wp-content\/uploads\/2024\/06\/liebherr-794999-statybos-ir-keliu-tiesimo-technika-0-300x225.jpg 300w, https:\/\/tech4s.lt\/wp-content\/uploads\/2024\/06\/liebherr-794999-statybos-ir-keliu-tiesimo-technika-0-100x75.jpg 100w, https:\/\/tech4s.lt\/wp-content\/uploads\/2024\/06\/liebherr-794999-statybos-ir-keliu-tiesimo-technika-0-64x48.jpg 64w, https:\/\/tech4s.lt\/wp-content\/uploads\/2024\/06\/liebherr-794999-statybos-ir-keliu-tiesimo-technika-0.jpg 700w\" sizes=\"(max-width: 600px) 100vw, 600px\" \/><\/div><div class=\"uael-grid-img-overlay\"><\/div><\/figure><\/div><\/div><div class=\"uael-grid-item \"><div class=\"uael-grid-item-content\"><figure class=\"uael-grid-img uael-grid-gallery-img uael-ins-hover elementor-clickable\"><div class=\"uael-grid-img-thumbnail uael-ins-target\"><img loading=\"lazy\" decoding=\"async\" width=\"450\" height=\"600\" src=\"https:\/\/tech4s.lt\/wp-content\/uploads\/2024\/06\/priekinio-ir-galinio-tilto-dalys-carraro-dana-450x600.jpg\" class=\"attachment-woocommerce_single size-woocommerce_single wp-image-8356\" alt=\"\" srcset=\"https:\/\/tech4s.lt\/wp-content\/uploads\/2024\/06\/priekinio-ir-galinio-tilto-dalys-carraro-dana-450x600.jpg 450w, https:\/\/tech4s.lt\/wp-content\/uploads\/2024\/06\/priekinio-ir-galinio-tilto-dalys-carraro-dana-225x300.jpg 225w, https:\/\/tech4s.lt\/wp-content\/uploads\/2024\/06\/priekinio-ir-galinio-tilto-dalys-carraro-dana-75x100.jpg 75w, https:\/\/tech4s.lt\/wp-content\/uploads\/2024\/06\/priekinio-ir-galinio-tilto-dalys-carraro-dana-64x85.jpg 64w, https:\/\/tech4s.lt\/wp-content\/uploads\/2024\/06\/priekinio-ir-galinio-tilto-dalys-carraro-dana.jpg 675w\" sizes=\"(max-width: 450px) 100vw, 450px\" \/><\/div><div class=\"uael-grid-img-overlay\"><\/div><\/figure><\/div><\/div><\/div><\/div>\t\t\t\t<\/div>\n\t\t\t\t<\/div>\n\t\t\t\t<div class=\"elementor-element elementor-element-db18961 uzklausa-click elementor-align-center uael-mbutton-text-center elementor-widget elementor-widget-uael-marketing-button\" data-id=\"db18961\" data-element_type=\"widget\" data-e-type=\"widget\" data-settings=\"{&quot;icon_indent&quot;:{&quot;unit&quot;:&quot;px&quot;,&quot;size&quot;:10,&quot;sizes&quot;:[]},&quot;padding&quot;:{&quot;unit&quot;:&quot;px&quot;,&quot;top&quot;:&quot;15&quot;,&quot;right&quot;:&quot;28&quot;,&quot;bottom&quot;:&quot;15&quot;,&quot;left&quot;:&quot;28&quot;,&quot;isLinked&quot;:false},&quot;title_margin_bottom&quot;:{&quot;unit&quot;:&quot;px&quot;,&quot;size&quot;:11,&quot;sizes&quot;:[]},&quot;icon_size&quot;:{&quot;unit&quot;:&quot;px&quot;,&quot;size&quot;:23,&quot;sizes&quot;:[]},&quot;icon_size_tablet&quot;:{&quot;unit&quot;:&quot;px&quot;,&quot;size&quot;:&quot;&quot;,&quot;sizes&quot;:[]},&quot;icon_size_mobile&quot;:{&quot;unit&quot;:&quot;px&quot;,&quot;size&quot;:&quot;&quot;,&quot;sizes&quot;:[]},&quot;icon_indent_tablet&quot;:{&quot;unit&quot;:&quot;px&quot;,&quot;size&quot;:&quot;&quot;,&quot;sizes&quot;:[]},&quot;icon_indent_mobile&quot;:{&quot;unit&quot;:&quot;px&quot;,&quot;size&quot;:&quot;&quot;,&quot;sizes&quot;:[]},&quot;align&quot;:&quot;center&quot;,&quot;padding_tablet&quot;:{&quot;unit&quot;:&quot;px&quot;,&quot;top&quot;:&quot;&quot;,&quot;right&quot;:&quot;&quot;,&quot;bottom&quot;:&quot;&quot;,&quot;left&quot;:&quot;&quot;,&quot;isLinked&quot;:true},&quot;padding_mobile&quot;:{&quot;unit&quot;:&quot;px&quot;,&quot;top&quot;:&quot;&quot;,&quot;right&quot;:&quot;&quot;,&quot;bottom&quot;:&quot;&quot;,&quot;left&quot;:&quot;&quot;,&quot;isLinked&quot;:true},&quot;title_margin_bottom_tablet&quot;:{&quot;unit&quot;:&quot;px&quot;,&quot;size&quot;:&quot;&quot;,&quot;sizes&quot;:[]},&quot;title_margin_bottom_mobile&quot;:{&quot;unit&quot;:&quot;px&quot;,&quot;size&quot;:&quot;&quot;,&quot;sizes&quot;:[]}}\" data-widget_type=\"uael-marketing-button.default\">\n\t\t\t\t<div class=\"elementor-widget-container\">\n\t\t\t\t\t\t\t<div class=\"uael-marketing-button elementor-widget-button\">\n\t\t\t<div class=\"uael-button-wrapper\">\n\t\t\t\t<a class=\"elementor-button-link elementor-button elementor-size-xs uael-marketing-buttons-right elementor-animation-shrink\" href=\"#elementor-action%3Aaction%3Dpopup%3Aopen%26settings%3DeyJpZCI6MTA3MDEsInRvZ2dsZSI6ZmFsc2V9\">\n\t\t\t\t\t\t\t\t\t\t\t\t\t<span class=\"uael-marketing-buttons-wrap\">\n\t\t\t<span class=\"elementor-button-content-wrapper uael-buttons-icon-right\">\n\t\t\t\t\t\t\t\t\t\n\t\t\t\t<span class=\"elementor-align-icon-right elementor-button-icon\">\n\n\t\t\t\t\t<i aria-hidden=\"true\" class=\"fas fa-envelope-open\"><\/i>\n\t\t\t\t<\/span>\n\t\t\t\t\t\t\t\t\t\t\t\t\t<span class=\"elementor-button-text uael-marketing-button-title elementor-inline-editing\" data-elementor-setting-key=\"text\" data-elementor-inline-editing-toolbar=\"none\">ASK FOR DETAILS<\/span>\n\t\t\t<\/span>\n\t\t\t\t\t\t\t<span class=\"uael-marketing-button-desc elementor-inline-editing\" data-elementor-setting-key=\"desc_text\" data-elementor-inline-editing-toolbar=\"none\">Fill in the enquiry form and we will reply.<\/span>\n\t\t\t\t\t<\/span>\n\t\t\t\t\t\t<\/a>\n\t\t\t<\/div>\n\t\t<\/div>\n\t\t\t\t\t\t<\/div>\n\t\t\t\t<\/div>\n\t\t\t\t<div class=\"elementor-element elementor-element-b9cecc0 elementor-alert-success elementor-widget elementor-widget-alert\" data-id=\"b9cecc0\" data-element_type=\"widget\" data-e-type=\"widget\" data-widget_type=\"alert.default\">\n\t\t\t\t\t\t\t<div class=\"elementor-alert\" role=\"alert\">\n\n\t\t\t\t\t\t<span class=\"elementor-alert-title\">BRIDGE MANUFACTURERS<\/span>\n\t\t\t\n\t\t\t\t\t\t<span class=\"elementor-alert-description\">Carraro - DANA - ZF - Kessler - Axletech<\/span>\n\t\t\t\n\t\t\t\n\t\t<\/div>\n\t\t\t\t\t\t<\/div>\n\t\t\t\t\t<\/div>\n\t\t<\/div>\n\t\t\t\t\t<\/div>\n\t\t<\/section>\n\t\t\t\t<\/div>\n\t\t","protected":false},"excerpt":{"rendered":"<p>Drive axles and transmissions In the event of breakdowns, our technicians carry out fast and efficient repairs to drive axles and gearboxes. We have experience with a wide range of drive axle makes and models, so we can resolve the various causes of failure. REPAIR SERVICES Repair of gearboxes Troubleshooting Repair of drive axles, side [&hellip;]<\/p>\n","protected":false},"author":1,"featured_media":0,"parent":0,"menu_order":0,"comment_status":"closed","ping_status":"closed","template":"","meta":{"footnotes":""},"class_list":["post-9684","page","type-page","status-publish","hentry"],"_links":{"self":[{"href":"https:\/\/tech4s.lt\/en\/wp-json\/wp\/v2\/pages\/9684","targetHints":{"allow":["GET"]}}],"collection":[{"href":"https:\/\/tech4s.lt\/en\/wp-json\/wp\/v2\/pages"}],"about":[{"href":"https:\/\/tech4s.lt\/en\/wp-json\/wp\/v2\/types\/page"}],"author":[{"embeddable":true,"href":"https:\/\/tech4s.lt\/en\/wp-json\/wp\/v2\/users\/1"}],"replies":[{"embeddable":true,"href":"https:\/\/tech4s.lt\/en\/wp-json\/wp\/v2\/comments?post=9684"}],"version-history":[{"count":0,"href":"https:\/\/tech4s.lt\/en\/wp-json\/wp\/v2\/pages\/9684\/revisions"}],"wp:attachment":[{"href":"https:\/\/tech4s.lt\/en\/wp-json\/wp\/v2\/media?parent=9684"}],"curies":[{"name":"wp","href":"https:\/\/api.w.org\/{rel}","templated":true}]}}